{"id":1608,"date":"2024-05-08T08:37:42","date_gmt":"2024-05-08T08:37:42","guid":{"rendered":"https:\/\/decocantins.com\/?post_type=product&#038;p=1608"},"modified":"2024-05-15T02:29:52","modified_gmt":"2024-05-15T02:29:52","slug":"odm-kitchen-pepper-spice-metal-tin-box-window-on-lid-round-tin-canister-for-candy-mint-packaging","status":"publish","type":"product","link":"https:\/\/decocantins.com\/es\/producto\/odm-kitchen-pepper-spice-metal-tin-box-window-on-lid-round-tin-canister-for-candy-mint-packaging\/","title":{"rendered":"ODM cocina pimienta especias caja de metal ventana en la tapa redonda bote de lata de caramelo de menta para el envasado"},"content":{"rendered":"<table class=\"hight-light-first-column all magic-4\" data-spm-anchor-id=\"a2700.details.0.i64.2b916652RdLxks\">\n<tbody>\n<tr>\n<td colspan=\"1\" rowspan=\"1\">\n<div class=\"magic-5\">Material<\/div>\n<\/td>\n<td colspan=\"4\" rowspan=\"1\">\n<div class=\"magic-6\">Hojalata de grado superior con espesor de 0,23 mm o espesor designado<\/div>\n<\/td>\n<\/tr>\n<tr>\n<td colspan=\"1\" rowspan=\"1\">\n<div class=\"magic-5\">Tama\u00f1o<\/div>\n<\/td>\n<td colspan=\"4\" rowspan=\"1\">\n<div class=\"magic-6\">Dia 63*46mm<\/div>\n<\/td>\n<\/tr>\n<tr>\n<td colspan=\"1\" rowspan=\"1\">\n<div class=\"magic-5\">Impresi\u00f3n<\/div>\n<\/td>\n<td colspan=\"4\" rowspan=\"1\">\n<div class=\"magic-6\">Colores CMYK y Pantone seg\u00fan los dise\u00f1os del cliente<\/div>\n<\/td>\n<\/tr>\n<tr>\n<td colspan=\"1\" rowspan=\"1\">\n<div class=\"magic-5\">Acabado<\/div>\n<\/td>\n<td colspan=\"4\" rowspan=\"1\">\n<div class=\"magic-6\">Acabado mate<\/div>\n<\/td>\n<\/tr>\n<tr>\n<td colspan=\"1\" rowspan=\"1\">\n<div class=\"magic-5\">Embalaje<\/div>\n<\/td>\n<td colspan=\"4\" rowspan=\"1\">\n<div class=\"magic-6\">Cada pieza en una bolsa de polietileno o embalaje personalizado, a continuaci\u00f3n, poner en una caja de cart\u00f3n<\/div>\n<\/td>\n<\/tr>\n<tr>\n<td colspan=\"1\" rowspan=\"1\">\n<div class=\"magic-5\">Plazo de espera de muestra<\/div>\n<\/td>\n<td colspan=\"4\" rowspan=\"1\">\n<div class=\"magic-6\">De 10 a 15 d\u00edas para moldes existentes, y de 15 a 20 d\u00edas para un molde nuevo (luego de confirmar el molde de dibujo y la recepci\u00f3n del cargo del molde).<\/div>\n<\/td>\n<\/tr>\n<tr>\n<td colspan=\"1\" rowspan=\"1\">\n<div class=\"magic-5\">Tiempo de entrega<\/div>\n<\/td>\n<td colspan=\"4\" rowspan=\"1\">\n<div class=\"magic-6\">30 d\u00edas despu\u00e9s de que la muestra sea confirmada o seg\u00fan la cantidad.<\/div>\n<\/td>\n<\/tr>\n<tr>\n<td colspan=\"1\" rowspan=\"1\">\n<div class=\"magic-5\">Ayuda embalaje<\/div>\n<\/td>\n<td colspan=\"4\" rowspan=\"1\">\n<div class=\"magic-6\">alimentos, chocolate, caramelos, regalos, etc.<\/div>\n<\/td>\n<\/tr>\n<tr>\n<td colspan=\"1\" rowspan=\"1\">\n<div class=\"magic-5\">Certificados<\/div>\n<\/td>\n<td colspan=\"4\" rowspan=\"1\">\n<div class=\"magic-9\">Grado alimentario, LFGB, FDA,EN71, SEDEX, etc.<\/div>\n<\/td>\n<\/tr>\n<\/tbody>\n<\/table>\n<div class=\"J_module\">\n<h2 id=\"ali-anchor-AliMagic-98utq1\" class=\"magic-3\" data-section=\"AliMagic-98utq1\" data-section-title=\"Packaging&amp;Shipping\">Embalaje y env\u00edo<\/h2>\n<\/div>\n<div class=\"J_module\">\n<div class=\"ife-detail-decorate-table\">\n<table class=\"has-title all magic-4\">\n<tbody>\n<tr>\n<td colspan=\"1\" rowspan=\"1\">\n<div class=\"magic-19\">1<\/div>\n<\/td>\n<td colspan=\"1\" rowspan=\"1\">\n<div class=\"magic-20\"><span style=\"font-family: Arial\">Costo de muestra:<\/span><\/div>\n<\/td>\n<td colspan=\"2\" rowspan=\"1\">\n<div class=\"magic-21\"><span style=\"font-family: Arial\">USD350 fabricado seg\u00fan dise\u00f1o del cliente\/ Gratuito para muestra de stock ( portes pagados )<\/span><\/div>\n<\/td>\n<\/tr>\n<tr>\n<td colspan=\"1\" rowspan=\"1\">\n<div class=\"magic-19\">2<\/div>\n<\/td>\n<td colspan=\"1\" rowspan=\"1\">\n<div class=\"magic-20\"><span style=\"font-family: Arial\">Tiempo de muestreo:<\/span><\/div>\n<\/td>\n<td colspan=\"2\" rowspan=\"1\">\n<div class=\"magic-21\">10-15 d\u00edas<\/div>\n<\/td>\n<\/tr>\n<tr>\n<td colspan=\"1\" rowspan=\"1\">\n<div class=\"magic-19\">3<\/div>\n<\/td>\n<td colspan=\"1\" rowspan=\"1\">\n<div class=\"magic-20\"><span style=\"font-family: Arial\">Tiempo de utillaje\/molde:<\/span><\/div>\n<\/td>\n<td colspan=\"2\" rowspan=\"1\">\n<div class=\"magic-21\"><span style=\"font-family: Arial\">20-25 d\u00edas ( desarrollo de nuevos productos );10-15 d\u00edas (estampaci\u00f3n o cambio de molde antiguo)<\/span><\/div>\n<\/td>\n<\/tr>\n<tr>\n<td colspan=\"1\" rowspan=\"1\">\n<div class=\"magic-19\">4<\/div>\n<\/td>\n<td colspan=\"1\" rowspan=\"1\">\n<div class=\"magic-20\"><span style=\"font-family: Arial\">Tiempo de producci\u00f3n:<\/span><\/div>\n<\/td>\n<td colspan=\"2\" rowspan=\"1\">\n<div class=\"magic-21\"><span style=\"font-family: Arial\">30-35 d\u00edas<\/span><\/div>\n<\/td>\n<\/tr>\n<tr>\n<td colspan=\"1\" rowspan=\"1\">\n<div class=\"magic-19\">5<\/div>\n<\/td>\n<td colspan=\"1\" rowspan=\"1\">\n<div class=\"magic-20\"><span style=\"font-family: Arial\">T\u00e9rminos de pago:<\/span><\/div>\n<\/td>\n<td colspan=\"1\" rowspan=\"1\">\n<div class=\"magic-21\"><span style=\"font-family: Arial\">TT \/ LC \/ Western Union<\/span><\/div>\n<\/td>\n<\/tr>\n<tr>\n<td colspan=\"1\" rowspan=\"1\">\n<div class=\"magic-19\">6<\/div>\n<\/td>\n<td colspan=\"1\" rowspan=\"1\">\n<div class=\"magic-20\"><span style=\"font-family: Arial\">Documento de env\u00edo:<\/span><\/div>\n<\/td>\n<td colspan=\"2\" rowspan=\"1\">\n<div class=\"magic-23\"><span style=\"font-family: Arial\">Factura, lista de empaque, Formulario A \/ certificado de origen, otros documentos solicitados por el cliente<\/span><\/div>\n<\/td>\n<\/tr>\n<\/tbody>\n<\/table>\n<\/div>\n<\/div>\n<div id=\"gtx-trans\" style=\"position: absolute;left: 690px;top: 5854.09px\">\n<div class=\"gtx-trans-icon\"><\/div>\n<\/div>","protected":false},"excerpt":{"rendered":"<p>Bienvenido a su socio de confianza en lo que se refiere a especieros met\u00e1licos de alta calidad con mirillas. Nuestros exclusivos especieros han sido especialmente dise\u00f1ados para presentar con estilo sus mezclas de especias y enriquecer su proceso culinario.<\/p>\n<div id=\"gtx-trans\" style=\"position: absolute;left: 843px;top: 38px\">\n<div class=\"gtx-trans-icon\"><\/div>\n<\/div>","protected":false},"featured_media":1614,"comment_status":"open","ping_status":"closed","template":"","meta":[],"product_brand":[],"product_cat":[21,33,34,35],"product_tag":[104],"class_list":{"0":"post-1608","1":"product","2":"type-product","3":"status-publish","4":"has-post-thumbnail","6":"product_cat-food-tins","7":"product_cat-candy-tin","8":"product_cat-mint-tin","9":"product_cat-spice-tin","10":"product_tag-rd218","12":"first","13":"instock","14":"shipping-taxable","15":"product-type-simple"},"_links":{"self":[{"href":"https:\/\/decocantins.com\/es\/wp-json\/wp\/v2\/product\/1608","targetHints":{"allow":["GET"]}}],"collection":[{"href":"https:\/\/decocantins.com\/es\/wp-json\/wp\/v2\/product"}],"about":[{"href":"https:\/\/decocantins.com\/es\/wp-json\/wp\/v2\/types\/product"}],"replies":[{"embeddable":true,"href":"https:\/\/decocantins.com\/es\/wp-json\/wp\/v2\/comments?post=1608"}],"wp:featuredmedia":[{"embeddable":true,"href":"https:\/\/decocantins.com\/es\/wp-json\/wp\/v2\/media\/1614"}],"wp:attachment":[{"href":"https:\/\/decocantins.com\/es\/wp-json\/wp\/v2\/media?parent=1608"}],"wp:term":[{"taxonomy":"product_brand","embeddable":true,"href":"https:\/\/decocantins.com\/es\/wp-json\/wp\/v2\/product_brand?post=1608"},{"taxonomy":"product_cat","embeddable":true,"href":"https:\/\/decocantins.com\/es\/wp-json\/wp\/v2\/product_cat?post=1608"},{"taxonomy":"product_tag","embeddable":true,"href":"https:\/\/decocantins.com\/es\/wp-json\/wp\/v2\/product_tag?post=1608"}],"curies":[{"name":"wp","href":"https:\/\/api.w.org\/{rel}","templated":true}]}}