{"id":1567,"date":"2024-05-02T08:32:23","date_gmt":"2024-05-02T08:32:23","guid":{"rendered":"https:\/\/decocantins.com\/?post_type=product&#038;p=1567"},"modified":"2024-05-02T08:41:49","modified_gmt":"2024-05-02T08:41:49","slug":"manufacturer-customise-design-food-grade-biscuit-candy-canister-coffee-tea-tin-can-promotional-gift-box-packaging","status":"publish","type":"product","link":"https:\/\/decocantins.com\/es\/producto\/manufacturer-customise-design-food-grade-biscuit-candy-canister-coffee-tea-tin-can-promotional-gift-box-packaging\/","title":{"rendered":"Fabricante de dise\u00f1o personalizado de alimentos de grado galleta caramelo bote caf\u00e9 t\u00e9 lata regalo promocional caja de embalaje"},"content":{"rendered":"<table class=\"hight-light-first-column all magic-4\" style=\"height: 300px\" width=\"697\" data-spm-anchor-id=\"a2700.details.0.i64.2b916652RdLxks\">\n<tbody>\n<tr>\n<td colspan=\"1\" rowspan=\"1\">\n<div class=\"magic-5\">Material<\/div>\n<\/td>\n<td colspan=\"4\" rowspan=\"1\">\n<div class=\"magic-6\">Hojalata de grado superior con espesor de 0,23 mm o espesor designado<\/div>\n<\/td>\n<\/tr>\n<tr>\n<td colspan=\"1\" rowspan=\"1\">\n<div class=\"magic-5\">Tama\u00f1o<\/div>\n<\/td>\n<td colspan=\"4\" rowspan=\"1\">\n<div class=\"magic-6\">101.5*96.5*89.5mm(H)mm<\/div>\n<\/td>\n<\/tr>\n<tr>\n<td colspan=\"1\" rowspan=\"1\">\n<div class=\"magic-5\">Impresi\u00f3n<\/div>\n<\/td>\n<td colspan=\"4\" rowspan=\"1\">\n<div class=\"magic-6\">Colores CMYK y Pantone seg\u00fan los dise\u00f1os del cliente<\/div>\n<\/td>\n<\/tr>\n<tr>\n<td colspan=\"1\" rowspan=\"1\">\n<div class=\"magic-5\">Acabado<\/div>\n<\/td>\n<td colspan=\"4\" rowspan=\"1\">\n<div class=\"magic-6\">Acabado mate impreso<\/div>\n<\/td>\n<\/tr>\n<tr>\n<td colspan=\"1\" rowspan=\"1\">\n<div class=\"magic-5\">Embalaje<\/div>\n<\/td>\n<td colspan=\"4\" rowspan=\"1\">\n<div class=\"magic-6\">Cada pieza se envuelve en un papel tis\u00fa o en un embalaje personalizado, y luego se coloca en una caja de cart\u00f3n<\/div>\n<\/td>\n<\/tr>\n<tr>\n<td colspan=\"1\" rowspan=\"1\">\n<div class=\"magic-5\">Plazo de espera de muestra<\/div>\n<\/td>\n<td colspan=\"4\" rowspan=\"1\">\n<div class=\"magic-6\">De 10 a 15 d\u00edas para moldes existentes, y de 15 a 20 d\u00edas para un molde nuevo (luego de confirmar el molde de dibujo y la recepci\u00f3n del cargo del molde).<\/div>\n<\/td>\n<\/tr>\n<tr>\n<td colspan=\"1\" rowspan=\"1\">\n<div class=\"magic-5\">Tiempo de entrega<\/div>\n<\/td>\n<td colspan=\"4\" rowspan=\"1\">\n<div class=\"magic-6\">30 d\u00edas despu\u00e9s de que la muestra sea confirmada o seg\u00fan la cantidad.<\/div>\n<\/td>\n<\/tr>\n<tr>\n<td colspan=\"1\" rowspan=\"1\">Certificados<\/td>\n<td colspan=\"4\" rowspan=\"1\">\n<div class=\"magic-6\">Calidad alimentaria, LFGB, FDA, EN71, SEDEX, etc.<\/div>\n<\/td>\n<\/tr>\n<tr>\n<td colspan=\"1\" rowspan=\"1\">\n<div class=\"magic-5\">MOQ<\/div>\n<\/td>\n<td colspan=\"4\" rowspan=\"1\">\n<div class=\"magic-9\">5.000 unidades<\/div>\n<\/td>\n<\/tr>\n<\/tbody>\n<\/table>\n<div class=\"J_module\">\n<h2 id=\"ali-anchor-AliMagic-98utq1\" class=\"magic-3\" data-section=\"AliMagic-98utq1\" data-section-title=\"Packaging&amp;Shipping\">Embalaje y env\u00edo<\/h2>\n<\/div>\n<div class=\"J_module\">\n<div class=\"ife-detail-decorate-table\">\n<table class=\"has-title all magic-4\">\n<tbody>\n<tr>\n<td colspan=\"1\" rowspan=\"1\">\n<div class=\"magic-19\">1<\/div>\n<\/td>\n<td colspan=\"1\" rowspan=\"1\">\n<div class=\"magic-20\">Costo de muestra:<\/div>\n<\/td>\n<td colspan=\"2\" rowspan=\"1\">\n<div class=\"magic-21\">USD300 seg\u00fan el dise\u00f1o del cliente\/gratis para muestra de stock (flete cobrado)<\/div>\n<\/td>\n<\/tr>\n<tr>\n<td colspan=\"1\" rowspan=\"1\">\n<div class=\"magic-19\">2<\/div>\n<\/td>\n<td colspan=\"1\" rowspan=\"1\">\n<div class=\"magic-20\">Tiempo de muestreo:<\/div>\n<\/td>\n<td colspan=\"2\" rowspan=\"1\">\n<div class=\"magic-21\">10-15 d\u00edas<\/div>\n<\/td>\n<\/tr>\n<tr>\n<td colspan=\"1\" rowspan=\"1\">\n<div class=\"magic-19\">3<\/div>\n<\/td>\n<td colspan=\"1\" rowspan=\"1\">\n<div class=\"magic-20\">Tiempo de utillaje\/molde:<\/div>\n<\/td>\n<td colspan=\"2\" rowspan=\"1\">\n<div class=\"magic-21\">20-25 d\u00edas (nuevo desarrollo de producto); 8-10 d\u00edas (grabado o cambio de molde antiguo)<\/div>\n<\/td>\n<\/tr>\n<tr>\n<td colspan=\"1\" rowspan=\"1\">\n<div class=\"magic-19\">4<\/div>\n<\/td>\n<td colspan=\"1\" rowspan=\"1\">\n<div class=\"magic-20\">Tiempo de producci\u00f3n:<\/div>\n<\/td>\n<td colspan=\"2\" rowspan=\"1\">\n<div class=\"magic-21\">30-35 d\u00edas<\/div>\n<\/td>\n<\/tr>\n<tr>\n<td colspan=\"1\" rowspan=\"1\">\n<div class=\"magic-19\">5<\/div>\n<\/td>\n<td colspan=\"1\" rowspan=\"1\">\n<div class=\"magic-20\">T\u00e9rminos de pago:<\/div>\n<\/td>\n<td colspan=\"1\" rowspan=\"1\">\n<div class=\"magic-21\">TT \/ LC \/ Western Union<\/div>\n<\/td>\n<\/tr>\n<tr>\n<td colspan=\"1\" rowspan=\"1\">\n<div class=\"magic-19\">6<\/div>\n<\/td>\n<td colspan=\"1\" rowspan=\"1\">\n<div class=\"magic-20\">Documento de env\u00edo:<\/div>\n<\/td>\n<td colspan=\"2\" rowspan=\"1\">\n<div class=\"magic-23\">Factura, lista de empaque, Formulario A \/ certificado de origen, otros documentos solicitados por el cliente<\/div>\n<\/td>\n<\/tr>\n<\/tbody>\n<\/table>\n<\/div>\n<\/div>","protected":false},"excerpt":{"rendered":"<p>Nuestros envases de hojalata pueden dise\u00f1arse de forma elaborada e individualizarse utilizando diversos m\u00e9todos de acabado para dar a su producto un envase elegante y decorativo.<\/p>","protected":false},"featured_media":1568,"comment_status":"open","ping_status":"closed","template":"","meta":[],"product_brand":[],"product_cat":[33,32,31,21,25,24],"product_tag":[94],"class_list":{"0":"post-1567","1":"product","2":"type-product","3":"status-publish","4":"has-post-thumbnail","6":"product_cat-candy-tin","7":"product_cat-chocolate-tin","8":"product_cat-cookie-tin","9":"product_cat-food-tins","10":"product_cat-gift-tins","11":"product_cat-tea-coffee-tins","12":"product_tag-rt416","14":"first","15":"instock","16":"shipping-taxable","17":"product-type-simple"},"_links":{"self":[{"href":"https:\/\/decocantins.com\/es\/wp-json\/wp\/v2\/product\/1567","targetHints":{"allow":["GET"]}}],"collection":[{"href":"https:\/\/decocantins.com\/es\/wp-json\/wp\/v2\/product"}],"about":[{"href":"https:\/\/decocantins.com\/es\/wp-json\/wp\/v2\/types\/product"}],"replies":[{"embeddable":true,"href":"https:\/\/decocantins.com\/es\/wp-json\/wp\/v2\/comments?post=1567"}],"wp:featuredmedia":[{"embeddable":true,"href":"https:\/\/decocantins.com\/es\/wp-json\/wp\/v2\/media\/1568"}],"wp:attachment":[{"href":"https:\/\/decocantins.com\/es\/wp-json\/wp\/v2\/media?parent=1567"}],"wp:term":[{"taxonomy":"product_brand","embeddable":true,"href":"https:\/\/decocantins.com\/es\/wp-json\/wp\/v2\/product_brand?post=1567"},{"taxonomy":"product_cat","embeddable":true,"href":"https:\/\/decocantins.com\/es\/wp-json\/wp\/v2\/product_cat?post=1567"},{"taxonomy":"product_tag","embeddable":true,"href":"https:\/\/decocantins.com\/es\/wp-json\/wp\/v2\/product_tag?post=1567"}],"curies":[{"name":"wp","href":"https:\/\/api.w.org\/{rel}","templated":true}]}}